{"id":2,"date":"2019-09-02T07:23:46","date_gmt":"2019-09-02T07:23:46","guid":{"rendered":"https:\/\/siaservizi.eu\/Nuovo\/?p=2"},"modified":"2025-04-24T15:48:01","modified_gmt":"2025-04-24T15:48:01","slug":"services","status":"publish","type":"page","link":"https:\/\/nuovo2.siaservizi.eu\/?page_id=2","title":{"rendered":"Servizi"},"content":{"rendered":"<h1>I nostri servizi<\/h1>\n<div>\n<p data-start=\"55\" data-end=\"156\" class=\"\">Sicurezza e consulenza gestite da professionisti, nel pieno rispetto delle normative.<\/p>\n<\/div>\n<ul>\n<li>\n<p>        <img decoding=\"async\" src=\"\/Nuovo\/wp-content\/uploads\/2025\/04\/AMBIENTE.svg\" alt=\"\"><\/p>\n<h2>AMBIENTE<\/h2>\n<div>\n<p>Soluzioni tecniche e gestionali per una corretta gestione ambientale e degli adempimenti normativi.<\/p>\n<\/div>\n<p><a href=\"\/Nuovo\/?page_id=2228\">Scopri di pi\u00f9<\/a><\/p>\n<\/li>\n<li>\n<p>        <img decoding=\"async\" src=\"\/Nuovo\/wp-content\/uploads\/2025\/04\/SICUREZZA.svg\" alt=\"\"><\/p>\n<h2>SICUREZZA SUI LUOGHI DI LAVORO<\/h2>\n<div>\n<p>Consulenza specialistica e supporto operativo per garantire sicurezza e conformit\u00e0 nei luoghi di lavoro.<\/p>\n<\/div>\n<p><a href=\"\/Nuovo\/?page_id=2233\">Scopri di pi\u00f9<\/a><\/p>\n<\/li>\n<li>\n<p>        <img decoding=\"async\" src=\"\/Nuovo\/wp-content\/uploads\/2025\/04\/INCENDIO.svg\" alt=\"\"><\/p>\n<h2>SICUREZZA ANTINCENDIO<\/h2>\n<div>\n<p>Progettazione e consulenza per sistemi antincendio conformi alle normative tecniche vigenti.<\/p>\n<\/div>\n<p><a href=\"\/Nuovo\/?page_id=2235\">Scopri di pi\u00f9<\/a><\/p>\n<\/li>\n<li>\n<p>        <img decoding=\"async\" src=\"\/Nuovo\/wp-content\/uploads\/2025\/04\/FORMAZIONE-1.svg\" alt=\"\"><\/p>\n<h2>FORMAZIONE LAVORATORI<\/h2>\n<div>\n<p>Corsi qualificati per la formazione e l\u2019aggiornamento del personale in materia di sicurezza e ambiente.<\/p>\n<\/div>\n<p><a href=\"\/Nuovo\/?page_id=2237\">Scopri di pi\u00f9<\/a><\/p>\n<\/li>\n<\/ul>\n<p><!--more--><br \/>\n<!-- {\"type\":\"layout\",\"children\":[{\"name\":\"Hero\",\"type\":\"section\",\"props\":{\"animation\":\"fade\",\"animation_delay\":\"200\",\"image_position\":\"center-center\",\"image_size\":\"cover\",\"media_background\":\"#2945a4\",\"media_blend_mode\":\"multiply\",\"media_overlay\":\"rgba(30, 54, 132, 0.61)\",\"overlap\":false,\"padding\":\"large\",\"padding_remove_bottom\":false,\"style\":\"default\",\"text_color\":\"light\",\"title_breakpoint\":\"xl\",\"title_position\":\"top-left\",\"title_rotation\":\"left\",\"vertical_align\":\"\",\"video\":\"wp-content\\\/uploads\\\/yootheme\\\/services-hero-video.mp4\",\"width\":\"small\"},\"children\":[{\"type\":\"row\",\"props\":{\"column_gap\":\"small\",\"row_gap\":\"small\"},\"children\":[{\"type\":\"column\",\"props\":{\"image_position\":\"center-center\",\"position_sticky_breakpoint\":\"m\",\"text_color\":\"light\",\"width_medium\":\"1-1\"},\"children\":[{\"type\":\"headline\",\"props\":{\"content\":\"I nostri servizi\",\"maxwidth\":\"large\",\"text_align\":\"left\",\"text_align_breakpoint\":\"s\",\"text_align_fallback\":\"center\",\"title_element\":\"h1\"}},{\"type\":\"text\",\"props\":{\"column_breakpoint\":\"m\",\"content\":\"\n\n<p data-start=\\\"55\\\" data-end=\\\"156\\\" class=\\\"\\\">Sicurezza e consulenza gestite da professionisti, nel pieno rispetto delle normative.<\\\/p>\",\"margin\":\"default\",\"maxwidth\":\"large\",\"text_align\":\"left\",\"text_align_breakpoint\":\"s\",\"text_align_fallback\":\"center\",\"text_style\":\"large\"}}]}]}]},{\"name\":\"Services\",\"type\":\"section\",\"props\":{\"animation\":\"fade\",\"animation_delay\":false,\"image_position\":\"center-center\",\"padding\":\"large\",\"style\":\"default\",\"title_breakpoint\":\"xl\",\"title_position\":\"top-left\",\"title_rotation\":\"left\",\"vertical_align\":\"\",\"width\":\"small\"},\"children\":[{\"type\":\"row\",\"children\":[{\"type\":\"column\",\"props\":{\"image_position\":\"center-center\",\"position_sticky_breakpoint\":\"m\",\"width_medium\":\"1-1\"},\"children\":[{\"type\":\"grid\",\"props\":{\"content_column_breakpoint\":\"m\",\"filter_align\":\"left\",\"filter_all\":true,\"filter_grid_breakpoint\":\"m\",\"filter_grid_width\":\"auto\",\"filter_position\":\"top\",\"filter_style\":\"tab\",\"grid_column_gap\":\"large\",\"grid_default\":\"1\",\"grid_medium\":\"3\",\"grid_row_gap\":\"large\",\"grid_small\":\"2\",\"icon_width\":80,\"image_align\":\"top\",\"image_grid_breakpoint\":\"m\",\"image_grid_width\":\"1-2\",\"image_loading\":true,\"image_svg_animate\":true,\"image_svg_color\":\"primary\",\"image_svg_inline\":false,\"image_width\":180,\"item_animation\":true,\"lightbox_bg_close\":true,\"link_style\":\"text\",\"link_text\":\"Scopri di pi\\u00f9\",\"margin\":\"default\",\"meta_align\":\"below-title\",\"meta_element\":\"div\",\"meta_style\":\"text-meta\",\"parallax_easing\":\"1\",\"show_content\":true,\"show_hover_image\":true,\"show_hover_video\":true,\"show_image\":true,\"show_link\":true,\"show_meta\":true,\"show_title\":true,\"show_video\":true,\"text_align\":\"left\",\"text_align_breakpoint\":\"s\",\"text_align_fallback\":\"center\",\"title_align\":\"top\",\"title_element\":\"h2\",\"title_grid_breakpoint\":\"m\",\"title_grid_width\":\"1-2\",\"title_hover_style\":\"reset\",\"title_style\":\"h3\"},\"children\":[{\"type\":\"grid_item\",\"props\":{\"content\":\"\n\n<p>Soluzioni tecniche e gestionali per una corretta gestione ambientale e degli adempimenti normativi.<\\\/p>\",\"icon\":\"\",\"image\":\"wp-content\\\/uploads\\\/2025\\\/04\\\/AMBIENTE.svg\",\"link\":\"?page_id=2228\",\"title\":\"AMBIENTE\"}},{\"type\":\"grid_item\",\"props\":{\"content\":\"\n\n<p>Consulenza specialistica e supporto operativo per garantire sicurezza e conformit\\u00e0 nei luoghi di lavoro.<\\\/p>\",\"icon\":\"\",\"image\":\"wp-content\\\/uploads\\\/2025\\\/04\\\/SICUREZZA.svg\",\"link\":\"?page_id=2233\",\"title\":\"SICUREZZA SUI LUOGHI DI LAVORO\"}},{\"type\":\"grid_item\",\"props\":{\"content\":\"\n\n<p>Progettazione e consulenza per sistemi antincendio conformi alle normative tecniche vigenti.<\\\/p>\",\"icon\":\"\",\"image\":\"wp-content\\\/uploads\\\/2025\\\/04\\\/INCENDIO.svg\",\"link\":\"?page_id=2235\",\"title\":\"SICUREZZA ANTINCENDIO\"}},{\"type\":\"grid_item\",\"props\":{\"content\":\"\n\n<p>Corsi qualificati per la formazione e l\\u2019aggiornamento del personale in materia di sicurezza e ambiente.<\\\/p>\",\"icon\":\"\",\"image\":\"wp-content\\\/uploads\\\/2025\\\/04\\\/FORMAZIONE-1.svg\",\"link\":\"?page_id=2237\",\"title\":\"FORMAZIONE LAVORATORI\"}}]}]}]}]}],\"version\":\"4.5.13\"} --><\/p>\n","protected":false},"excerpt":{"rendered":"<p>I nostri servizi Sicurezza e consulenza gestite da professionisti, nel pieno rispetto delle normative. AMBIENTE Soluzioni tecniche e gestionali per una corretta gestione ambientale e degli adempimenti normativi. Scopri di pi\u00f9 SICUREZZA SUI LUOGHI DI LAVORO Consulenza specialistica e supporto operativo per garantire sicurezza e conformit\u00e0 nei luoghi di lavoro. Scopri di pi\u00f9 SICUREZZA ANTINCENDIO [&hellip;]<\/p>\n","protected":false},"author":1,"featured_media":0,"parent":0,"menu_order":9,"comment_status":"open","ping_status":"open","template":"","meta":{"_acf_changed":false,"footnotes":""},"class_list":["post-2","page","type-page","status-publish","hentry"],"acf":[],"_links":{"self":[{"href":"https:\/\/nuovo2.siaservizi.eu\/index.php?rest_route=\/wp\/v2\/pages\/2","targetHints":{"allow":["GET"]}}],"collection":[{"href":"https:\/\/nuovo2.siaservizi.eu\/index.php?rest_route=\/wp\/v2\/pages"}],"about":[{"href":"https:\/\/nuovo2.siaservizi.eu\/index.php?rest_route=\/wp\/v2\/types\/page"}],"author":[{"embeddable":true,"href":"https:\/\/nuovo2.siaservizi.eu\/index.php?rest_route=\/wp\/v2\/users\/1"}],"replies":[{"embeddable":true,"href":"https:\/\/nuovo2.siaservizi.eu\/index.php?rest_route=%2Fwp%2Fv2%2Fcomments&post=2"}],"version-history":[{"count":23,"href":"https:\/\/nuovo2.siaservizi.eu\/index.php?rest_route=\/wp\/v2\/pages\/2\/revisions"}],"predecessor-version":[{"id":2263,"href":"https:\/\/nuovo2.siaservizi.eu\/index.php?rest_route=\/wp\/v2\/pages\/2\/revisions\/2263"}],"wp:attachment":[{"href":"https:\/\/nuovo2.siaservizi.eu\/index.php?rest_route=%2Fwp%2Fv2%2Fmedia&parent=2"}],"curies":[{"name":"wp","href":"https:\/\/api.w.org\/{rel}","templated":true}]}}